{"id":2828,"date":"2018-05-25T07:19:12","date_gmt":"2018-05-25T07:19:12","guid":{"rendered":"https:\/\/allfilm.valgekana.ee\/?page_id=2828"},"modified":"2019-08-07T12:29:44","modified_gmt":"2019-08-07T12:29:44","slug":"andmekaitse","status":"publish","type":"page","link":"https:\/\/allfilm.valgekana.ee\/et\/andmekaitse\/","title":{"rendered":"Andmekaitse"},"content":{"rendered":"<h3 style=\"text-align: justify;\">PRIVAATSUSTEATIS<\/h3>\n<p style=\"text-align: justify;\">K\u00e4esolev privaatsusteatis sisaldab teavet Allfilm O\u00dc (edaspidi <strong>Allfilm)<\/strong> poolt l\u00e4bi viidud isikuandmete kogumisest ja t\u00f6\u00f6tlemist filmiv\u00f5tetele <em>castingu <\/em>ehk n\u00e4itlejate v\u00e4rbamise protsessis ning filmiv\u00f5tete l\u00e4biviimisel. Meiepoolne isikuandmete t\u00f6\u00f6tlemine vastab isikuandmete kaitset puudutavatele \u00f5igusaktidele.<\/p>\n<p style=\"text-align: justify;\">Palume tutvuda j\u00e4rgneva teabega ja kui Teil on k\u00fcsimusi privaatsusteatise kohta v\u00f5i soovite kasutada m\u00f5nda oma \u00f5igust, palume v\u00f5tta meiega \u00fchendust:<\/p>\n<p style=\"text-align: justify;\"><strong>Allfilm O\u00dc<\/strong>, registrikood 10002394<\/p>\n<p style=\"text-align: justify;\">Aadress: Saue 11, Tallinn, 10612<\/p>\n<p style=\"text-align: justify;\">Kontakt: <a href=\"mailto:allfilm@allfilm.ee\">allfilm@allfilm.ee<\/a>; telefon: +372 672 9070.<\/p>\n<ol style=\"text-align: justify;\">\n<li>milliseid ISIKUandmeid ja MIS EESM\u00c4RKIDEL me kogume ja kasutame?<\/li>\n<\/ol>\n<p style=\"text-align: justify;\">Allfilm on Teie isikuandmete vastutav t\u00f6\u00f6tleja (s.t on isik, kes m\u00e4\u00e4rab isikuandmete t\u00f6\u00f6tlemise eesm\u00e4rgid ja vahendid).<\/p>\n<p style=\"text-align: justify;\">Allfilm kogub ja t\u00f6\u00f6tleb <em>castingu<\/em> protsessi ja filmiv\u00f5tete l\u00e4biviimise k\u00e4igus j\u00e4rgmisi andmeid allj\u00e4rgnevatel eesm\u00e4rkidel:<\/p>\n<ul style=\"text-align: justify;\">\n<li><strong>Filmiv\u00f5tete <em>castingu <\/em>ja filmiv\u00f5tete l\u00e4biviimiseks vajalikud andmed:<\/strong> eesnimi, perekonnanimi, vanus, telefoninumber ja e-posti aadress, aadress, pikkus, riiete suurused, kinganumber, juhiloa olemasolu (jah\/ei), auto olemasolu (jah\/ei), valmisolek v\u00f5tetel enda autoga s\u00f5itma (jah\/ei), portreefoto, t\u00e4ispikkuses foto. Andmed on vajalikud <em>castingu<\/em> protsessi l\u00e4biviimiseks, sealhulgas filmiv\u00f5tete planeerimiseks, filmiv\u00f5tetel osalemiseks ning Teiega kontakteerumiseks.<\/li>\n<li><strong>Lepingu s\u00f5lmimiseks ja t\u00e4itmiseks vajalikud andmed: <\/strong>eesnimi, perekonnanimi, isikukood, pangakonto number. Andmed on vajalikud Teiega s\u00f5lmitava lepingu ettevalmistamiseks, samuti lepingute s\u00f5lmimise protsessi kiirendamiseks filmiv\u00f5tete p\u00e4eval ja lepingu t\u00e4itmiseks.<\/li>\n<\/ul>\n<ol style=\"text-align: justify;\" start=\"2\">\n<li>Mis on teie isikuandmete t\u00f6\u00f6tlemise \u00f5iguslik alus?<\/li>\n<\/ol>\n<p style=\"text-align: justify;\">Allfilm kogub ja t\u00f6\u00f6tleb Teie andmeid EL-i isikuandmete kaitse \u00fcldm\u00e4\u00e4ruse (EL) 2016\/679 artikli 6 l\u00f5ike 1 punktis b nimetatud alusel (isikuandmete t\u00f6\u00f6tlemine on vajalik lepingu t\u00e4itmiseks v\u00f5i lepingu s\u00f5lmimisele eelnevate meetmete v\u00f5tmiseks vastavalt andmesubjekti taotlusele).<\/p>\n<ol style=\"text-align: justify;\" start=\"3\">\n<li>KELLELE V\u00d5IDAKSE teie andmeID EDASTADA?<\/li>\n<\/ol>\n<p style=\"text-align: justify;\">V\u00f5ime edastada teie isikuandmeid meie koost\u00f6\u00f6partnerile, kes on seotud <em>castingu<\/em> ja filmiv\u00f5tete l\u00e4biviimsiega. Allfilmi koost\u00f6\u00f6partnerid saavad juurdep\u00e4\u00e4su Teie andmetele ulatuses, mis on vajalik <em>casting\u2019u <\/em>protsessi v\u00f5i filmiv\u00f5tete l\u00e4biviimiseks. Teie isikuandmeid v\u00f5idakse edastada teistesse riikidesse, mis asuvad Euroopa Majanduspiirkonnast v\u00e4ljaspool. Me hoolitseme selle eest, et meie koost\u00f6\u00f6partnerid j\u00e4rgiksid saadud andmete konfidentsiaalsust ja isikuandmete kaitse k\u00f5rget taset. Kontrollime enne andmete edastamist, et tagatud oleks isikuandmete kaitse piisav tase (n\u00e4iteks Euroopa Komisjoni konkreetse riigi kohta tehtud piisava kaitse otsus v\u00f5i koost\u00f6\u00f6partneriga s\u00f5lmitud EL-i standardsete andmekaitseklauslid) v\u00f5i teie n\u00f5usoleku olemasolu.<\/p>\n<ol style=\"text-align: justify;\" start=\"4\">\n<li>kui kaua Allfilm andmeid s\u00e4ilitab?<\/li>\n<\/ol>\n<p style=\"text-align: justify;\">Allfilm kasutab ja s\u00e4ilitab isikuandmeid niikaua, kui see on vajalik v\u00f5i lubatud eesm\u00e4rkidel, milleks andmed on saadud, v\u00f5i \u00f5igusaktidest tulenevate n\u00f5uete t\u00e4itmiseks, kuid mitte kauem kui 5 aastat Teie registreerimisest <em>castingu\u2019le<\/em>.<\/p>\n<ol style=\"text-align: justify;\" start=\"5\">\n<li>teie \u00f5igused ja kuidas neid kasutada<\/li>\n<\/ol>\n<p style=\"text-align: justify;\">V\u00f5ttes \u00fchendust Allfilmiga e-posti aadressil allfilm@allfilm.ee, saate kasutada oma \u00f5igusi (ulatuses, milles vastavalt kohalduvatele \u00f5igusaktidele ei ole selliste \u00f5iguste teostamine piiratud):<\/p>\n<ul style=\"text-align: justify;\">\n<li>teabe saamise ja andmetega tutvumise \u00f5igus;<\/li>\n<li>\u00f5igus andmete parandamisele ja kustutamisele;<\/li>\n<li>t\u00f6\u00f6tlemise piiramine;<\/li>\n<li>andmete \u00fclekandmine;<\/li>\n<li>n\u00f5usoleku tagasiv\u00f5tmise \u00f5igus (juhul, kui t\u00f6\u00f6tlemine tugineb teie n\u00f5usolekule);<\/li>\n<li>vastuv\u00e4ite esitamise \u00f5igus.<\/li>\n<\/ul>\n<ol style=\"text-align: justify;\" start=\"6\">\n<li>kaebuse esitamise \u00f5igus<\/li>\n<\/ol>\n<p style=\"text-align: justify;\">Kui Teile tundub, et Teie \u00f5igust privaatsusele on rikutud, v\u00f5ite esitada kaebuse oma alalise elukoha j\u00e4rgsesse EL-i j\u00e4relevalveasutusse. J\u00e4relevalveasutuste kontaktandmed leiab j\u00e4rgnevalt lingilt: <a href=\"https:\/\/edpb.europa.eu\/about-edpb\/board\/members_en\">https:\/\/edpb.europa.eu\/about-edpb\/board\/members_en<\/a>.<\/p>\n<p style=\"text-align: justify;\">\n","protected":false},"excerpt":{"rendered":"<p>PRIVAATSUSTEATIS K\u00e4esolev privaatsusteatis sisaldab teavet Allfilm O\u00dc (edaspidi Allfilm) poolt l\u00e4bi viidud isikuandmete kogumisest ja t\u00f6\u00f6tlemist filmiv\u00f5tetele castingu ehk n\u00e4itlejate v\u00e4rbamise protsessis ning filmiv\u00f5tete l\u00e4biviimisel. Meiepoolne isikuandmete t\u00f6\u00f6tlemine vastab isikuandmete kaitset puudutavatele \u00f5igusaktidele. Palume tutvuda j\u00e4rgneva teabega ja kui Teil on k\u00fcsimusi privaatsusteatise kohta v\u00f5i soovite kasutada m\u00f5nda oma \u00f5igust, palume v\u00f5tta meiega \u00fchendust: Allfilm&#8230;<\/p>\n","protected":false},"author":4,"featured_media":0,"parent":0,"menu_order":0,"comment_status":"closed","ping_status":"closed","template":"template-full.php","meta":{"_acf_changed":false,"footnotes":""},"class_list":["post-2828","page","type-page","status-publish","hentry"],"acf":[],"_links":{"self":[{"href":"https:\/\/allfilm.valgekana.ee\/et\/wp-json\/wp\/v2\/pages\/2828","targetHints":{"allow":["GET"]}}],"collection":[{"href":"https:\/\/allfilm.valgekana.ee\/et\/wp-json\/wp\/v2\/pages"}],"about":[{"href":"https:\/\/allfilm.valgekana.ee\/et\/wp-json\/wp\/v2\/types\/page"}],"author":[{"embeddable":true,"href":"https:\/\/allfilm.valgekana.ee\/et\/wp-json\/wp\/v2\/users\/4"}],"replies":[{"embeddable":true,"href":"https:\/\/allfilm.valgekana.ee\/et\/wp-json\/wp\/v2\/comments?post=2828"}],"version-history":[{"count":6,"href":"https:\/\/allfilm.valgekana.ee\/et\/wp-json\/wp\/v2\/pages\/2828\/revisions"}],"predecessor-version":[{"id":3079,"href":"https:\/\/allfilm.valgekana.ee\/et\/wp-json\/wp\/v2\/pages\/2828\/revisions\/3079"}],"wp:attachment":[{"href":"https:\/\/allfilm.valgekana.ee\/et\/wp-json\/wp\/v2\/media?parent=2828"}],"curies":[{"name":"wp","href":"https:\/\/api.w.org\/{rel}","templated":true}]}}